{"id":13,"date":"2023-02-15T13:35:26","date_gmt":"2023-02-15T12:35:26","guid":{"rendered":"https:\/\/christophorus-weinshop.klixpert.io\/impressum\/"},"modified":"2025-07-03T10:52:27","modified_gmt":"2025-07-03T08:52:27","slug":"impressum","status":"publish","type":"page","link":"https:\/\/www.christophorus.at\/weinshop\/impressum\/","title":{"rendered":"Impressum"},"content":{"rendered":"\n<p><em>Informationen gem\u00e4ss \u00a7 5 Abs 1 ECG, \u00a7 14 Unternehmensgesetzbuch (UGB) sowie \u00a7 63 Gewerbeordnung,&nbsp;Offenlegung gem. Mediengesetz \u00a7 25<\/em><\/p>\n\n\n\n<p><strong>Name und Anschrift:<\/strong><br \/>Christophorus Reiseveranstaltungs GmbH<br \/>Eckartau 2, 6290 Mayrhofen, Austria<\/p>\n\n\n\n<p><strong>Tel.:<\/strong>&nbsp;+43 5285 606-0<br \/><strong>Webseite:<\/strong> www.christophorus.at&nbsp;und&nbsp;www.sardinien.at<br \/><strong>E-Mail:<\/strong> <a href=\"mailto:office@christophorus.at\">office@christophorus.at<\/a>&nbsp;und&nbsp;<a href=\"mailto:info@sardinien.at\">info@sardinien.at<\/a><\/p>\n\n\n\n<p><strong>Firmenbuchnummer:&nbsp;<\/strong>FN 138513x<br \/><strong>Firmenbuchgericht:<\/strong>&nbsp;Landesgericht Innsbruck<br \/><strong>UID:&nbsp;<\/strong>ATU39560701<br \/><strong>GISA:&nbsp;<\/strong>22557179<\/p>\n\n\n\n<p><strong>Bildmaterial: <\/strong>Christophorus Reiseveranstaltungs GmbH \/ shutterstock.com<br \/><strong>Artikel und Texte: <\/strong>Christophorus Reiseveranstaltungs GmbH<br \/><strong>Urheberrecht:<\/strong> Christophorus Reiseveranstaltungs GmbH: Alle Rechte vorbehalten.<br \/><strong>Kammerzugeh\u00f6rigkeit:<\/strong> Wirtschaftskammer \u00d6sterreich, Wirtschaftskammer Tirol, Sparte Tourismus- und Freizeitwirtschaft, Fachgruppe der Reiseb\u00fcros Tirol<br \/><strong>Berufsbezeichnung: <\/strong>Reiseb\u00fcrogewerbe gem. \u00a7 124 Ziffer 14 Gewerbeordnung 1994<\/p>\n\n\n\n<p><strong>Unsere Berechtigung wurde uns in \u00d6sterreich verliehen.<\/strong><\/p>\n\n\n\n<p><strong>Wir unterliegen folgenden Rechtsvorschriften:<\/strong><\/p>\n\n\n\n\n\n\n<div class=\"wp-block-list\">\n<ul class=\"wp-block-list\">\n<li><strong>Informationspflicht lt. E-Commerce-Gesetz<\/strong>&nbsp;(ECG) <strong>\u00a7 5 Abs. 1<\/strong> siehe&nbsp;<a href=\"https:\/\/www.ris.bka.gv.at\/GeltendeFassung.wxe?Abfrage=Bundesnormen&amp;Gesetzesnummer=20001703\">https:\/\/www.ris.bka.gv.at\/GeltendeFassung.wxe?Abfrage=Bundesnormen&amp;Gesetzesnummer=10007517<\/a><\/li>\n\n\n\n<li><strong>Gewerbeordnung 1994, insbesondere \u00a7 94 Z 56 und \u00a7 126:<\/strong>&nbsp;siehe&nbsp;<a rel=\"noreferrer noopener\" href=\"http:\/\/www.ris.bka.gv.at\/GeltendeFassung.wxe?Abfrage=Bundesnormen&amp;Gesetzesnummer=10007517\" target=\"_blank\">https:\/\/www.ris.bka.gv.at\/GeltendeFassung.wxe?Abfrage=Bundesnormen&amp;Gesetzesnummer=100<\/a><\/li>\n\n\n\n<li><strong>Reiseb\u00fcro-Verordnung:&nbsp;<\/strong>siehe&nbsp;<a rel=\"noreferrer noopener\" href=\"http:\/\/www.ris.bka.gv.at\/GeltendeFassung.wxe?Abfrage=Bundesnormen&amp;Gesetzesnummer=20002480\" target=\"_blank\">https:\/\/www.ris.bka.gv.at\/GeltendeFassung.wxe?Abfrage=Bundesnormen&amp;Gesetzesnummer=20002480<\/a><\/li>\n<\/ul>\n<\/div>\n\n\n<h2 class=\"hx wp-block-heading\">Gestaltung &amp; Entwicklung, Coding<\/h2>\n\n\n\n<p><strong>KLIXPERT<\/strong><br \/>Gewerbeweg 4, A 6263 F\u00fcgen<br \/><a href=\"https:\/\/www.klixpert.io\/\">www.klixpert.io<\/a><\/p>\n\n\n\n<h3 class=\"hx wp-block-heading\">Europ\u00e4ische Online-Streitbeilegungs-Plattform<\/h3>\n\n\n\n<p>Gem\u00e4\u00df der Verordnung \u00fcber Online-Streitbeilegung in Verbraucherangelegenheiten (ODR-Verordnung) m\u00f6chten wir dich \u00fcber die Online-Streitbeilegungsplattform (OS-Plattform) informieren. Verbraucher haben die M\u00f6glichkeit, Beschwerden an die Online Streitbeilegungsplattform der Europ\u00e4ischen Union zu richten. Bei eventuellen Streitigkeiten, die aus einem Online-Rechtsverkehr entstehen k\u00f6nnten, bietet die OS-Plattform eine einfache, effiziente, schnelle und kosteng\u00fcnstige au\u00dfergerichtliche L\u00f6sung an.<\/p>\n\n\n\n<h3 class=\"hx wp-block-heading\">Haftungsausschlu\u00df<\/h3>\n\n\n\n<p>Die Christophorus Reiseveranstaltungs GmbH freut sich \u00fcber Ihren Besuch auf dieser Website.<br \/>Bitte beachten Sie folgenden Hinweis zur Nutzung der Website.<br \/><br \/>Die Website www.christophorus.at und www.sardinien.at und deren Inhalte wurden mit gr\u00f6\u00dftm\u00f6glicher Sorgfalt zusammengestellt. Die Christophorus Reiseveranstaltungs GmbH \u00fcbernimmt jedoch keine Haftung oder Garantie f\u00fcr die Aktualit\u00e4t, Richtigkeit und Vollst\u00e4ndigkeit der auf dieser Website bereitgestellten Informationen. Alle Daten werden gewissenhaft,&nbsp; jedoch ohne Gew\u00e4hr ver\u00f6ffentlicht. Fehler im Inhalt werden bei Kenntnis dar\u00fcber unverz\u00fcglich korrigiert. Alle Rechte, auch die des auszugsweisen Nachdrucks, der&nbsp; fotomechanischen Wiedergabe und der \u00dcbersetzung, sind vorbehaltlich und bed\u00fcrfen einer schriftlichen Genehmigung von der Christophorus Reiseveranstaltungs GmbH. Nicht genehmigte Verwertungen, auch auszugsweise, werden strafrechtlich verfolgt.<br \/><br \/>F\u00fcr die Nichtaufrufbarkeit dieser Homepage infolge h\u00f6herer Gewalt oder nicht durch die Christophorus Reiseveranstaltungs GmbH verursachter St\u00f6rungen \u00fcbernimmt der Herausgeber keinerlei Gew\u00e4hr. Wir \u00fcbernehmen insbesondere keine Haftung f\u00fcr direkte und indirekte Sch\u00e4den, welche Benutzern oder Dritten in irgendeiner Art im Zusammenhang mit der Benutzung des Internets und der Website von der Christophorus Reiseveranstaltungs GmbH entstehen k\u00f6nnten oder entstanden sind. Im Interesse der Aktualit\u00e4t dieser Seiten behalten wir uns ausdr\u00fccklich vor, die Webseiten jederzeit abzu\u00e4ndern.<br \/>&nbsp;<br \/><strong>Links:<\/strong><br \/>Die Christophorus Reiseveranstaltungs GmbH \u00fcbernimmt keine Haftung f\u00fcr Webseiten, auf die mittels Hyperlink verwiesen wird. Wir distanzieren uns von allen Inhalten gelinkter Seiten. Die Christophorus Reiseveranstaltungs GmbH&nbsp;hat hierauf keinerlei Einfluss und macht sich diese Inhalte nicht zu Eigen.<\/p>\n","protected":false},"excerpt":{"rendered":"<p>Informationen gem\u00e4ss \u00a7 5 Abs 1 ECG, \u00a7 14 Unternehmensgesetzbuch (UGB) sowie \u00a7 63 Gewerbeordnung,&nbsp;Offenlegung gem. Mediengesetz \u00a7 25 Name und Anschrift:Christophorus Reiseveranstaltungs GmbHEckartau 2, 6290 Mayrhofen, Austria Tel.:&nbsp;+43 5285 606-0Webseite: www.christophorus.at&nbsp;und&nbsp;www.sardinien.atE-Mail: office@christophorus.at&nbsp;und&nbsp;info@sardinien.at Firmenbuchnummer:&nbsp;FN 138513xFirmenbuchgericht:&nbsp;Landesgericht InnsbruckUID:&nbsp;ATU39560701GISA:&nbsp;22557179 Bildmaterial: Christophorus Reiseveranstaltungs GmbH \/ shutterstock.comArtikel und Texte: Christophorus Reiseveranstaltungs GmbHUrheberrecht: Christophorus Reiseveranstaltungs GmbH: Alle Rechte vorbehalten.Kammerzugeh\u00f6rigkeit: Wirtschaftskammer \u00d6sterreich, [&hellip;]<\/p>\n","protected":false},"author":1,"featured_media":0,"parent":0,"menu_order":0,"comment_status":"closed","ping_status":"closed","template":"","meta":{"_acf_changed":false,"footnotes":""},"class_list":["post-13","page","type-page","status-publish","hentry"],"acf":[],"_links":{"self":[{"href":"https:\/\/www.christophorus.at\/weinshop\/wp-json\/wp\/v2\/pages\/13","targetHints":{"allow":["GET"]}}],"collection":[{"href":"https:\/\/www.christophorus.at\/weinshop\/wp-json\/wp\/v2\/pages"}],"about":[{"href":"https:\/\/www.christophorus.at\/weinshop\/wp-json\/wp\/v2\/types\/page"}],"author":[{"embeddable":true,"href":"https:\/\/www.christophorus.at\/weinshop\/wp-json\/wp\/v2\/users\/1"}],"replies":[{"embeddable":true,"href":"https:\/\/www.christophorus.at\/weinshop\/wp-json\/wp\/v2\/comments?post=13"}],"version-history":[{"count":5,"href":"https:\/\/www.christophorus.at\/weinshop\/wp-json\/wp\/v2\/pages\/13\/revisions"}],"predecessor-version":[{"id":309,"href":"https:\/\/www.christophorus.at\/weinshop\/wp-json\/wp\/v2\/pages\/13\/revisions\/309"}],"wp:attachment":[{"href":"https:\/\/www.christophorus.at\/weinshop\/wp-json\/wp\/v2\/media?parent=13"}],"curies":[{"name":"wp","href":"https:\/\/api.w.org\/{rel}","templated":true}]}}