{"id":16,"date":"2023-02-15T13:35:26","date_gmt":"2023-02-15T12:35:26","guid":{"rendered":"https:\/\/christophorus-weinshop.klixpert.io\/widerrufsbelehrung\/"},"modified":"2023-06-26T11:10:39","modified_gmt":"2023-06-26T09:10:39","slug":"widerrufsbelehrung","status":"publish","type":"page","link":"https:\/\/www.christophorus.at\/weinshop\/widerrufsbelehrung\/","title":{"rendered":"Widerrufsbelehrung"},"content":{"rendered":"\n<h1 class=\"hx wp-block-heading\">Widerrufsbelehrung (gilt nur f\u00fcr Verbraucher)<\/h1>\n\n\n\n<p>F\u00fcr den Fall, dass der Kunde Verbraucher im Sinne des \u00a7 1 Abs 1 Z 2 KSchG ist, das mit der Gesellschaft geschlossene Gesch\u00e4ft also nicht zum Betrieb seines Unternehmens geh\u00f6rt, hat der Kunde ein Widerrufsrecht nach Ma\u00dfgabe der folgenden Bestimmungen.<\/p>\n\n\n\n<h2 class=\"hx wp-block-heading\">Widerrufsrecht<\/h2>\n\n\n\n<p>Der Kunde hat das Recht, binnen vierzehn Tagen ohne Angabe von Gr\u00fcnden den Vertrag mit der Gesellschaft zu widerrufen (\u00a7 11 FAGG).<\/p>\n\n\n\n<p>Die Widerrufsfrist betr\u00e4gt vierzehn Tage ab dem Tag, an dem der Kunde oder ein von ihm benannter Dritter, der nicht der Bef\u00f6rderer ist, die Ware in Besitz genommen hat.<\/p>\n\n\n\n<p>Wenn der Kunde mehrere Waren im Rahmen einer einheitlichen Bestellung bestellt hat, diese aber getrennt geliefert werden, mit dem Tag, an dem der Kunde oder ein von ihm benannter, nicht als Bef\u00f6rderer t\u00e4tiger Dritter den Besitz an der zuletzt gelieferten Ware erlangt.<\/p>\n\n\n\n<p>Bei Lieferung einer Ware in mehreren Teilsendungen, mit dem Tag, an dem der Kunde oder ein von ihm benannter, nicht als Bef\u00f6rderer t\u00e4tiger Dritter den Besitz an der letzten Teilsendung erlangt.<\/p>\n\n\n\n<p>Bei Vertr\u00e4gen \u00fcber die regelm\u00e4\u00dfige Lieferung von Waren \u00fcber einen festgelegten Zeitraum hinweg mit dem Tag, an dem der Kunde oder ein von ihm benannter, nicht als Bef\u00f6rderer t\u00e4tiger Dritter den Besitz an der zuerst gelieferten Ware erlangt.<\/p>\n\n\n\n<p>Um sein Widerrufsrecht auszu\u00fcben, muss der Kunde die Gesellschaft mittels einer eindeutigen Erkl\u00e4rung \u00fcber seinen Entschluss, den Vertrag zu widerrufen, wie folgt informieren<\/p>\n\n\n\n<p>per Brief: Christophorus Reiseveranstaltungs GmbH<br \/>Eckartau 2, 6290 Mayrhofen;<\/p>\n\n\n\n<p>per Telefax: + 43 (0) 5285 \/ 64950<br \/>per E-Mail: office@christophorus.at<\/p>\n\n\n\n<p>Der Kunde kann daf\u00fcr das beigef\u00fcgte Muster-Widerrufsformular verwenden, was jedoch nicht vorgeschrieben ist. Zur Wahrung der Widerrufsfrist reicht es aus, dass der Kunde die Mitteilung \u00fcber die Aus\u00fcbung des Widerrufsrechts vor Ablauf der Widerrufsfrist absendet (\u00a7 13 FAGG).<\/p>\n\n\n\n<h2 class=\"hx wp-block-heading\">Folgen des Widerrufs<\/h2>\n\n\n\n<p>Wenn der Kunde einen Vertrag widerruft, hat ihm die Gesellschaft alle Zahlungen, die sie von ihm erhalten hat, einschlie\u00dflich der Lieferkosten (mit Ausnahme der zus\u00e4tzlichen Kosten, die sich daraus ergeben, dass der Kunde eine andere Art der Lieferung als die von der Gesellschaft angebotene, g\u00fcnstigste Standardlieferung gew\u00e4hlt hat), unverz\u00fcglich und sp\u00e4testens binnen vierzehn Tagen ab dem Tag zur\u00fcckzuzahlen, an dem die Mitteilung \u00fcber den Widerruf des Vertrags bei der Gesellschaft eingegangen ist. F\u00fcr diese R\u00fcckzahlung verwendet die Gesellschaft dasselbe Zahlungsmittel, das der Kunde bei der urspr\u00fcnglichen Transaktion eingesetzt hat, es sei denn, mit ihm wurde ausdr\u00fccklich etwas anderes vereinbart; in keinem Fall werden dem Kunden wegen dieser R\u00fcckzahlung Entgelte berechnet (\u00a7 14 FAGG).<\/p>\n\n\n\n<p>Die Gesellschaft kann die R\u00fcckzahlung verweigern, bis sie die Waren wieder zur\u00fcckerhalten hat oder bis der Kunde den Nachweis erbracht hat, dass er die Waren zur\u00fcckgesandt hat, je nachdem, welches der fr\u00fchere Zeitpunkt ist (\u00a7 14 Abs 3 FAGG).<\/p>\n\n\n\n<p>Der Kunde hat die Waren unverz\u00fcglich und in jedem Fall sp\u00e4testens binnen vierzehn Tagen ab dem Tag, an dem er die Gesellschaft \u00fcber den Widerruf des Vertrages unterichtet hat, an die Gesellschaft zur\u00fcckzusenden oder zu \u00fcbergeben. Die Frist ist gewahrt, wenn der Kunde die Waren vor Ablauf der Frist von vierzehn Tagen absenden (\u00a7 15 Abs 1 FAGG).<\/p>\n\n\n\n<p>Der Kunde tr\u00e4gt die unmittelbaren Kosten der R\u00fccksendung der Waren.<\/p>\n\n\n\n<p>Der Kunde muss f\u00fcr einen etwaigen Wertverlust der Waren nur aufkommen, wenn dieser Wertverlust auf einen zur Pr\u00fcfung der Beschaffenheit, Eigenschaften und Funktionsweise der Waren nicht notwendigen Umgang mit ihnen zur\u00fcckzuf\u00fchren ist (\u00a7 15 Abs 4 FAGG).<\/p>\n\n\n\n<p>Wenn der Kunde den Vertrag widerrufen m\u00f6chte, kann er dieses Formular ausf\u00fcllen und an die Gesellschaft zur\u00fccksenden.<\/p>\n\n\n\n<p><strong>Muster-Widerrufsformular<\/strong><\/p>\n\n\n\n<p>An<br \/>Christophorus Reiseveranstaltungs GmbH<br \/>Eckartau 2<br \/>6290 Mayrhofen<br \/>E-Mail: office@christophorus.at<br \/>Fax: + 43 (0) 5285 \/ 64950<\/p>\n\n\n\n<p>Hiermit widerrufe(n) ich\/wir (*<em>) den von mir\/uns (<\/em>*) abgeschlossenen Vertrag \u00fcber den Kauf der folgenden Waren (*<em>): <\/em><\/p>\n\n\n\n<p><em>Bestellt am (<\/em>*)\/erhalten am (*<em>) <\/em><\/p>\n\n\n\n<p><em>Name des\/der Verbraucher(s): <\/em><\/p>\n\n\n\n<p><em>Anschrift des\/der Verbraucher(s): <\/em><\/p>\n\n\n\n<p><em>Unterschrift des\/der Verbraucher(s) (nur bei Mitteilung auf Papier) <\/em><\/p>\n\n\n\n<p><em>Datum <\/em><\/p>\n\n\n\n<p><em>(<\/em>*) Unzutreffendes streichen.<\/p>\n\n\n\n<h2 class=\"hx wp-block-heading\">Ausnahmen vom Widerrufsrecht<\/h2>\n\n\n\n<p>Das Widerrufsrecht besteht gem \u00a7 18 FAGG nicht<\/p>\n\n\n<div class=\"wp-block-list\">\n<ul class=\"wp-block-list\">\n<li>bei der Lieferung von Waren, die schnell verderben k\u00f6nnen oder deren Verfallsdatum schnell \u00fcberschritten w\u00fcrde,<\/li>\n\n\n\n<li>bei der Lieferung versiegelter Waren, die aus Gr\u00fcnden des Gesundheitsschutzes oder der Hygiene nicht zur R\u00fcckgabe geeignet sind, wenn ihre Versiegelung nach der Lieferung entfernt wurde,<\/li>\n\n\n\n<li>bei der Lieferung alkoholischer Getr\u00e4nke, deren Preis bei Vertragsschluss vereinbart wurde, die aber fr\u00fchestens 30 Tage nach Vertragsschluss geliefert werden k\u00f6nnen und deren aktueller Wert von Schwankungen auf dem Markt abh\u00e4ngt, auf die der Unternehmer keinen Einfluss hat.<\/li>\n<\/ul>\n<\/div>\n\n\n<p>Unabh\u00e4ngig vom Bestehen eines Widerrufsrechtes ist die Ware, insbesondere um Besch\u00e4digungen der Ware zu vermeiden, m\u00f6glichst in Originalverpackung an die Gesellschaft zur\u00fcckzusenden. Sollte der Kunde die Originalverpackung nicht mehr besitzen, so ist mit einer geeigneten Verpackung f\u00fcr einen ausreichenden Schutz vor Transportsch\u00e4den zu sorgen, insbesondere um etwaige Schadensersatzanspr\u00fcche wegen Besch\u00e4digungen infolge mangelhafter Verpackung zu vermeiden.<\/p>\n","protected":false},"excerpt":{"rendered":"<p>Widerrufsbelehrung (gilt nur f\u00fcr Verbraucher) F\u00fcr den Fall, dass der Kunde Verbraucher im Sinne des \u00a7 1 Abs 1 Z 2 KSchG ist, das mit der Gesellschaft geschlossene Gesch\u00e4ft also nicht zum Betrieb seines Unternehmens geh\u00f6rt, hat der Kunde ein Widerrufsrecht nach Ma\u00dfgabe der folgenden Bestimmungen. Widerrufsrecht Der Kunde hat das Recht, binnen vierzehn Tagen [&hellip;]<\/p>\n","protected":false},"author":1,"featured_media":0,"parent":0,"menu_order":0,"comment_status":"closed","ping_status":"closed","template":"","meta":{"_acf_changed":false,"footnotes":""},"class_list":["post-16","page","type-page","status-publish","hentry"],"acf":[],"_links":{"self":[{"href":"https:\/\/www.christophorus.at\/weinshop\/wp-json\/wp\/v2\/pages\/16","targetHints":{"allow":["GET"]}}],"collection":[{"href":"https:\/\/www.christophorus.at\/weinshop\/wp-json\/wp\/v2\/pages"}],"about":[{"href":"https:\/\/www.christophorus.at\/weinshop\/wp-json\/wp\/v2\/types\/page"}],"author":[{"embeddable":true,"href":"https:\/\/www.christophorus.at\/weinshop\/wp-json\/wp\/v2\/users\/1"}],"replies":[{"embeddable":true,"href":"https:\/\/www.christophorus.at\/weinshop\/wp-json\/wp\/v2\/comments?post=16"}],"version-history":[{"count":2,"href":"https:\/\/www.christophorus.at\/weinshop\/wp-json\/wp\/v2\/pages\/16\/revisions"}],"predecessor-version":[{"id":189,"href":"https:\/\/www.christophorus.at\/weinshop\/wp-json\/wp\/v2\/pages\/16\/revisions\/189"}],"wp:attachment":[{"href":"https:\/\/www.christophorus.at\/weinshop\/wp-json\/wp\/v2\/media?parent=16"}],"curies":[{"name":"wp","href":"https:\/\/api.w.org\/{rel}","templated":true}]}}