{"id":84,"date":"2023-03-27T14:56:17","date_gmt":"2023-03-27T12:56:17","guid":{"rendered":"https:\/\/christophorus-weinshop.klixpert.io\/?post_type=product&#038;p=84"},"modified":"2026-04-16T20:47:40","modified_gmt":"2026-04-16T18:47:40","slug":"terre-brune-carignano-del-sulcis-superiore-doc","status":"publish","type":"product","link":"https:\/\/www.christophorus.at\/weinshop\/produkt\/rotwein\/terre-brune-carignano-del-sulcis-superiore-doc\/","title":{"rendered":"Terre Brune, Carignano del Sulcis superiore, DOC"},"content":{"rendered":"<p><strong>Kellerei Santadi<\/strong><br \/>\nIn den K\u00fcstenebenen und Flusst\u00e4lern, an leicht ansteigenden H\u00e4ngen des unteren Sulcis, wachsen die Trauben des unbestrittenen \u201eK\u00f6nigs von Santadi\u201c. Bovaleddutrauben reifen ca. 18 Monate in kleinen F\u00e4ssern aus franz\u00f6sischer Eiche (Allier und Troncais) und danach noch ein weiteres Jahr in der Flasche.<\/p>\n","protected":false},"excerpt":{"rendered":"<p>Kellerei Santadi In den K\u00fcstenebenen und Flusst\u00e4lern, an leicht ansteigenden H\u00e4ngen des unteren Sulcis, wachsen die Trauben des unbestrittenen \u201eK\u00f6nigs von Santadi\u201c. Bovaleddutrauben reifen ca. 18 Monate in kleinen F\u00e4ssern aus franz\u00f6sischer Eiche (Allier und Troncais) und danach noch ein weiteres Jahr in der Flasche.<\/p>\n","protected":false},"featured_media":102,"template":"","meta":{"_acf_changed":false},"product_brand":[],"product_cat":[34],"product_tag":[],"product_regions":[35],"product_countries":[37],"class_list":{"0":"post-84","1":"product","2":"type-product","3":"status-publish","4":"has-post-thumbnail","6":"product_cat-rotwein","7":"product_regions-sardinien","8":"product_countries-italien","10":"first","11":"instock","12":"taxable","13":"shipping-taxable","14":"purchasable","15":"product-type-simple"},"acf":[],"_links":{"self":[{"href":"https:\/\/www.christophorus.at\/weinshop\/wp-json\/wp\/v2\/product\/84","targetHints":{"allow":["GET"]}}],"collection":[{"href":"https:\/\/www.christophorus.at\/weinshop\/wp-json\/wp\/v2\/product"}],"about":[{"href":"https:\/\/www.christophorus.at\/weinshop\/wp-json\/wp\/v2\/types\/product"}],"wp:featuredmedia":[{"embeddable":true,"href":"https:\/\/www.christophorus.at\/weinshop\/wp-json\/wp\/v2\/media\/102"}],"wp:attachment":[{"href":"https:\/\/www.christophorus.at\/weinshop\/wp-json\/wp\/v2\/media?parent=84"}],"wp:term":[{"taxonomy":"product_brand","embeddable":true,"href":"https:\/\/www.christophorus.at\/weinshop\/wp-json\/wp\/v2\/product_brand?post=84"},{"taxonomy":"product_cat","embeddable":true,"href":"https:\/\/www.christophorus.at\/weinshop\/wp-json\/wp\/v2\/product_cat?post=84"},{"taxonomy":"product_tag","embeddable":true,"href":"https:\/\/www.christophorus.at\/weinshop\/wp-json\/wp\/v2\/product_tag?post=84"},{"taxonomy":"product_regions","embeddable":true,"href":"https:\/\/www.christophorus.at\/weinshop\/wp-json\/wp\/v2\/product_regions?post=84"},{"taxonomy":"product_countries","embeddable":true,"href":"https:\/\/www.christophorus.at\/weinshop\/wp-json\/wp\/v2\/product_countries?post=84"}],"curies":[{"name":"wp","href":"https:\/\/api.w.org\/{rel}","templated":true}]}}