{"id":87,"date":"2023-03-27T15:08:25","date_gmt":"2023-03-27T13:08:25","guid":{"rendered":"https:\/\/christophorus-weinshop.klixpert.io\/?post_type=product&#038;p=87"},"modified":"2026-04-29T20:47:58","modified_gmt":"2026-04-29T18:47:58","slug":"rocca-rubia-carignano-del-sulcis-riserva-doc","status":"publish","type":"product","link":"https:\/\/www.christophorus.at\/weinshop\/produkt\/rotwein\/rocca-rubia-carignano-del-sulcis-riserva-doc\/","title":{"rendered":"Rocca Rubia, Carignano del Sulcis Riserva, DOC"},"content":{"rendered":"<p><strong>Kellerei Santadi<\/strong><br \/>\nEin Carignano Riserva, welcher in der K\u00fcstenregion des Sulcis auf besonders kargen B\u00f6den mit nur ein bis zwei Kilogramm Frucht pro Rebstock gedeiht. Ab Ende J\u00e4nner, anschlie\u00dfend an die Weinlese und Vinifizierung, reift der Rocca Rubia f\u00fcr elf Monate in franz\u00f6sischen Barriquef\u00e4ssern, um anschlie\u00dfend in Flaschen abgef\u00fcllt als ausgezeichneter Wein genossen zu werden.<\/p>\n","protected":false},"excerpt":{"rendered":"<p>Kellerei Santadi Ein Carignano Riserva, welcher in der K\u00fcstenregion des Sulcis auf besonders kargen B\u00f6den mit nur ein bis zwei Kilogramm Frucht pro Rebstock gedeiht. Ab Ende J\u00e4nner, anschlie\u00dfend an die Weinlese und Vinifizierung, reift der Rocca Rubia f\u00fcr elf Monate in franz\u00f6sischen Barriquef\u00e4ssern, um anschlie\u00dfend in Flaschen abgef\u00fcllt als ausgezeichneter Wein genossen zu werden.<\/p>\n","protected":false},"featured_media":100,"template":"","meta":{"_acf_changed":false},"product_brand":[],"product_cat":[34],"product_tag":[],"product_regions":[35],"product_countries":[37],"class_list":{"0":"post-87","1":"product","2":"type-product","3":"status-publish","4":"has-post-thumbnail","6":"product_cat-rotwein","7":"product_regions-sardinien","8":"product_countries-italien","10":"first","11":"instock","12":"taxable","13":"shipping-taxable","14":"purchasable","15":"product-type-simple"},"acf":[],"_links":{"self":[{"href":"https:\/\/www.christophorus.at\/weinshop\/wp-json\/wp\/v2\/product\/87","targetHints":{"allow":["GET"]}}],"collection":[{"href":"https:\/\/www.christophorus.at\/weinshop\/wp-json\/wp\/v2\/product"}],"about":[{"href":"https:\/\/www.christophorus.at\/weinshop\/wp-json\/wp\/v2\/types\/product"}],"wp:featuredmedia":[{"embeddable":true,"href":"https:\/\/www.christophorus.at\/weinshop\/wp-json\/wp\/v2\/media\/100"}],"wp:attachment":[{"href":"https:\/\/www.christophorus.at\/weinshop\/wp-json\/wp\/v2\/media?parent=87"}],"wp:term":[{"taxonomy":"product_brand","embeddable":true,"href":"https:\/\/www.christophorus.at\/weinshop\/wp-json\/wp\/v2\/product_brand?post=87"},{"taxonomy":"product_cat","embeddable":true,"href":"https:\/\/www.christophorus.at\/weinshop\/wp-json\/wp\/v2\/product_cat?post=87"},{"taxonomy":"product_tag","embeddable":true,"href":"https:\/\/www.christophorus.at\/weinshop\/wp-json\/wp\/v2\/product_tag?post=87"},{"taxonomy":"product_regions","embeddable":true,"href":"https:\/\/www.christophorus.at\/weinshop\/wp-json\/wp\/v2\/product_regions?post=87"},{"taxonomy":"product_countries","embeddable":true,"href":"https:\/\/www.christophorus.at\/weinshop\/wp-json\/wp\/v2\/product_countries?post=87"}],"curies":[{"name":"wp","href":"https:\/\/api.w.org\/{rel}","templated":true}]}}