{"id":90,"date":"2023-03-28T16:04:00","date_gmt":"2023-03-28T14:04:00","guid":{"rendered":"https:\/\/christophorus-weinshop.klixpert.io\/?post_type=product&#038;p=90"},"modified":"2026-04-17T10:17:43","modified_gmt":"2026-04-17T08:17:43","slug":"mirto-tremontis-likoer","status":"publish","type":"product","link":"https:\/\/www.christophorus.at\/weinshop\/produkt\/likoer\/mirto-tremontis-likoer\/","title":{"rendered":"Mirto Tremontis"},"content":{"rendered":"<p><strong>Kellerei Argiolas<\/strong><br \/>\nDer Mirto Tremontis ist besonders intensiv und w\u00fcrzig duftend mit perfekt ausgewogener S\u00fc\u00dfe. Wohl einer der besten seiner Klasse.<\/p>\n","protected":false},"excerpt":{"rendered":"<p>Kellerei Argiolas Der Mirto Tremontis ist besonders intensiv und w\u00fcrzig duftend mit perfekt ausgewogener S\u00fc\u00dfe. Wohl einer der besten seiner Klasse.<\/p>\n","protected":false},"featured_media":97,"template":"","meta":{"_acf_changed":false},"product_brand":[],"product_cat":[44],"product_tag":[],"product_regions":[35],"product_countries":[37],"class_list":{"0":"post-90","1":"product","2":"type-product","3":"status-publish","4":"has-post-thumbnail","6":"product_cat-likoer","7":"product_regions-sardinien","8":"product_countries-italien","10":"first","11":"outofstock","12":"taxable","13":"shipping-taxable","14":"purchasable","15":"product-type-simple"},"acf":[],"_links":{"self":[{"href":"https:\/\/www.christophorus.at\/weinshop\/wp-json\/wp\/v2\/product\/90","targetHints":{"allow":["GET"]}}],"collection":[{"href":"https:\/\/www.christophorus.at\/weinshop\/wp-json\/wp\/v2\/product"}],"about":[{"href":"https:\/\/www.christophorus.at\/weinshop\/wp-json\/wp\/v2\/types\/product"}],"wp:featuredmedia":[{"embeddable":true,"href":"https:\/\/www.christophorus.at\/weinshop\/wp-json\/wp\/v2\/media\/97"}],"wp:attachment":[{"href":"https:\/\/www.christophorus.at\/weinshop\/wp-json\/wp\/v2\/media?parent=90"}],"wp:term":[{"taxonomy":"product_brand","embeddable":true,"href":"https:\/\/www.christophorus.at\/weinshop\/wp-json\/wp\/v2\/product_brand?post=90"},{"taxonomy":"product_cat","embeddable":true,"href":"https:\/\/www.christophorus.at\/weinshop\/wp-json\/wp\/v2\/product_cat?post=90"},{"taxonomy":"product_tag","embeddable":true,"href":"https:\/\/www.christophorus.at\/weinshop\/wp-json\/wp\/v2\/product_tag?post=90"},{"taxonomy":"product_regions","embeddable":true,"href":"https:\/\/www.christophorus.at\/weinshop\/wp-json\/wp\/v2\/product_regions?post=90"},{"taxonomy":"product_countries","embeddable":true,"href":"https:\/\/www.christophorus.at\/weinshop\/wp-json\/wp\/v2\/product_countries?post=90"}],"curies":[{"name":"wp","href":"https:\/\/api.w.org\/{rel}","templated":true}]}}